{"id":194,"date":"2021-03-11T21:41:41","date_gmt":"2021-03-11T21:41:41","guid":{"rendered":"https:\/\/blepsvision.com\/?page_id=194"},"modified":"2026-02-07T02:48:01","modified_gmt":"2026-02-07T02:48:01","slug":"cursos","status":"publish","type":"page","link":"https:\/\/blepsvision.com\/en\/cursos\/","title":{"rendered":"Courses"},"content":{"rendered":"<p>[et_pb_section fb_built=&#8221;1&#8243; admin_label=&#8221;About Section&#8221; _builder_version=&#8221;3.22&#8243; background_color=&#8221;#f7f7f7&#8243; custom_padding=&#8221;70px||90px|||&#8221;][et_pb_row _builder_version=&#8221;4.9.1&#8243; _module_preset=&#8221;default&#8221; custom_padding=&#8221;||0px|||&#8221;][et_pb_column type=&#8221;4_4&#8243; _builder_version=&#8221;4.9.1&#8243; _module_preset=&#8221;default&#8221;][et_pb_text admin_label=&#8221;Title&#8221; _builder_version=&#8221;4.9.1&#8243; text_font=&#8221;||||||||&#8221; header_font=&#8221;||||||||&#8221; header_2_font=&#8221;Montserrat|600||on|||||&#8221; header_2_font_size=&#8221;30px&#8221; header_2_line_height=&#8221;1.5em&#8221; custom_margin=&#8221;||5px|&#8221; animation_style=&#8221;slide&#8221; animation_direction=&#8221;top&#8221; animation_intensity_slide=&#8221;20%&#8221; animation_starting_opacity=&#8221;100%&#8221; inline_fonts=&#8221;Montserrat&#8221;]<\/p>\n<h2><span style=\"color: #1a889e;\">COURSES FOR OPTOMETRISTS<\/span><\/h2>\n<h2><\/h2>\n<h2><\/h2>\n<h3><strong><span style=\"color: #446572; font-size: large; font-family: Montserrat;\">PAST COURSES<\/span><\/strong><\/h3>\n<p>[\/et_pb_text][et_pb_divider _builder_version=&#8221;4.9.1&#8243; _module_preset=&#8221;default&#8221; custom_margin=&#8221;||19px|||&#8221;][\/et_pb_divider][et_pb_image src=&#8221;https:\/\/blepsvision.com\/wp-content\/uploads\/2022\/05\/280382670_1211552426261806_2903790694079535115_n-1.png&#8221; title_text=&#8221;280382670_1211552426261806_2903790694079535115_n (1)&#8221; _builder_version=&#8221;4.9.1&#8243; _module_preset=&#8221;default&#8221;][\/et_pb_image][et_pb_text admin_label=&#8221;Title&#8221; _builder_version=&#8221;3.27.4&#8243; text_font=&#8221;||||||||&#8221; header_font=&#8221;||||||||&#8221; header_2_font=&#8221;Montserrat|600||on|||||&#8221; header_2_font_size=&#8221;30px&#8221; header_2_line_height=&#8221;1.5em&#8221; custom_margin=&#8221;||5px|&#8221; animation_style=&#8221;slide&#8221; animation_direction=&#8221;top&#8221; animation_intensity_slide=&#8221;20%&#8221; animation_starting_opacity=&#8221;100%&#8221;]<\/p>\n<h3><strong><span style=\"color: #446572; font-size: medium;\">CURSOS 2021<\/span><\/strong><\/h3>\n<p>[\/et_pb_text][\/et_pb_column][\/et_pb_row][et_pb_row column_structure=&#8221;1_2,1_2&#8243; _builder_version=&#8221;4.9.1&#8243; _module_preset=&#8221;default&#8221; min_height=&#8221;239.5px&#8221; saved_tabs=&#8221;all&#8221;][et_pb_column type=&#8221;1_2&#8243; _builder_version=&#8221;4.9.1&#8243; _module_preset=&#8221;default&#8221;][et_pb_image src=&#8221;https:\/\/blepsvision.com\/wp-content\/uploads\/2021\/10\/WhatsApp-Image-2021-10-25-at-13.10.40.jpeg&#8221; title_text=&#8221;WhatsApp Image 2021-10-25 at 13.10.40&#8243; url=&#8221;https:\/\/fb.watch\/8dXApfFc3G\/&#8221; url_new_window=&#8221;on&#8221; _builder_version=&#8221;4.9.1&#8243; _module_preset=&#8221;default&#8221;][\/et_pb_image][\/et_pb_column][et_pb_column type=&#8221;1_2&#8243; _builder_version=&#8221;4.9.1&#8243; _module_preset=&#8221;default&#8221;][et_pb_text _builder_version=&#8221;4.9.1&#8243; _module_preset=&#8221;default&#8221; inline_fonts=&#8221;Lato,Montserrat,Montserrat Alternates&#8221;]<\/p>\n<h2><span style=\"font-family: Montserrat; font-weight: normal;\"><strong>Innovating in Diabetic Eye Care<\/strong><\/span><\/h2>\n<h2><\/h2>\n<p><span style=\"font-family: Montserrat; font-weight: normal;\">El Maestro Daniel Paniagua Herrera quien actualmente es Vocero de la AMD y de la IAPB y miembro observador del comit\u00e9 de salud p\u00fablica y educaci\u00f3n del World Council Optometry, imparti\u00f3 este curso en 2 sesiones donde entendimos la diabetes y su relaci\u00f3n con las enfermedades en la retina, el diagn\u00f3stico y tratamiento de la enfermedad.<\/span><\/p>\n<p>.<\/p>\n<p><span style=\"font-family: Montserrat;\">\u00a0<\/span><\/p>\n<p style=\"text-align: center;\"><span style=\"color: #188e73;\"><em><b><\/b><b style=\"font-family: Lato;\">\u00a0<\/b><\/em><\/span><\/p>\n<p>[\/et_pb_text][\/et_pb_column][\/et_pb_row][et_pb_row column_structure=&#8221;1_2,1_2&#8243; _builder_version=&#8221;4.9.1&#8243; _module_preset=&#8221;default&#8221; min_height=&#8221;239.5px&#8221; saved_tabs=&#8221;all&#8221;][et_pb_column type=&#8221;1_2&#8243; _builder_version=&#8221;4.9.1&#8243; _module_preset=&#8221;default&#8221;][et_pb_image src=&#8221;https:\/\/blepsvision.com\/wp-content\/uploads\/2021\/10\/WhatsApp-Image-2021-10-25-at-13.10.40.jpeg&#8221; title_text=&#8221;WhatsApp Image 2021-10-25 at 13.10.40&#8243; url=&#8221;https:\/\/fb.watch\/8dXApfFc3G\/&#8221; url_new_window=&#8221;on&#8221; _builder_version=&#8221;4.9.1&#8243; _module_preset=&#8221;default&#8221;][\/et_pb_image][\/et_pb_column][et_pb_column type=&#8221;1_2&#8243; _builder_version=&#8221;4.9.1&#8243; _module_preset=&#8221;default&#8221;][et_pb_text _builder_version=&#8221;4.9.1&#8243; _module_preset=&#8221;default&#8221; inline_fonts=&#8221;Lato,Montserrat,Montserrat Alternates&#8221;]<\/p>\n<h2><span style=\"font-family: Montserrat; font-weight: normal;\"><strong>Innovating in Diabetic Eye Care<\/strong><\/span><\/h2>\n<h2><\/h2>\n<p><span style=\"font-family: Montserrat; font-weight: normal;\">El Maestro Daniel Paniagua Herrera quien actualmente es Vocero de la AMD y de la IAPB y miembro observador del comit\u00e9 de salud p\u00fablica y educaci\u00f3n del World Council Optometry, imparti\u00f3 este curso en 2 sesiones donde entendimos la diabetes y su relaci\u00f3n con las enfermedades en la retina, el diagn\u00f3stico y tratamiento de la enfermedad.<\/span><\/p>\n<p>.<\/p>\n<p><span style=\"font-family: Montserrat;\">\u00a0<\/span><\/p>\n<p style=\"text-align: center;\"><span style=\"color: #188e73;\"><em><b><\/b><b style=\"font-family: Lato;\">\u00a0<\/b><\/em><\/span><\/p>\n<p>[\/et_pb_text][\/et_pb_column][\/et_pb_row][et_pb_row column_structure=&#8221;1_2,1_2&#8243; _builder_version=&#8221;4.9.1&#8243; _module_preset=&#8221;default&#8221; min_height=&#8221;239.5px&#8221; saved_tabs=&#8221;all&#8221;][et_pb_column type=&#8221;1_2&#8243; _builder_version=&#8221;4.9.1&#8243; _module_preset=&#8221;default&#8221;][et_pb_image src=&#8221;https:\/\/blepsvision.com\/wp-content\/uploads\/2021\/11\/245125987_1077361343014249_1058307763870714597_n.jpg&#8221; title_text=&#8221;245125987_1077361343014249_1058307763870714597_n&#8221; url=&#8221;https:\/\/fb.watch\/8dXApfFc3G\/&#8221; url_new_window=&#8221;on&#8221; _builder_version=&#8221;4.9.1&#8243; _module_preset=&#8221;default&#8221;][\/et_pb_image][\/et_pb_column][et_pb_column type=&#8221;1_2&#8243; _builder_version=&#8221;4.9.1&#8243; _module_preset=&#8221;default&#8221;][et_pb_text _builder_version=&#8221;4.9.1&#8243; _module_preset=&#8221;default&#8221; inline_fonts=&#8221;Lato,Montserrat&#8221;]<\/p>\n<h2><span style=\"font-family: Montserrat; font-weight: normal;\"><strong>Corneal Topography Interpretation for Optometrists<\/strong><\/span><\/h2>\n<h2><\/h2>\n<p><span style=\"font-family: Montserrat;\">El curso fue impartido por el Mtro. Omar Santana, especialista en adaptaci\u00f3n de lentes de contacto y con amplia experiencia en docencia. La primera edici\u00f3n fue en marzo del 2021, para esta edici\u00f3n decidimos extender el curso a 4 hrs, para que los asistentes obtuvieran lo mejor del conocimiento compartido. <\/span><\/p>\n<p><span style=\"font-family: Montserrat;\">We learned to interpret corneal maps, scales and surface descriptors, as well as to detect different pathologies through corneal topography.<\/span><\/p>\n<p style=\"text-align: center;\"><span style=\"color: #188e73;\"><em><b><\/b><b style=\"font-family: Lato;\">\u00a0<\/b><\/em><\/span><\/p>\n<p>[\/et_pb_text][\/et_pb_column][\/et_pb_row][et_pb_row column_structure=&#8221;1_2,1_2&#8243; _builder_version=&#8221;4.9.1&#8243; _module_preset=&#8221;default&#8221; min_height=&#8221;239.5px&#8221; saved_tabs=&#8221;all&#8221;][et_pb_column type=&#8221;1_2&#8243; _builder_version=&#8221;4.9.1&#8243; _module_preset=&#8221;default&#8221;][et_pb_image src=&#8221;https:\/\/blepsvision.com\/wp-content\/uploads\/2021\/09\/335a447d.jpg&#8221; title_text=&#8221;335a447d&#8221; url=&#8221;https:\/\/fb.watch\/8dXApfFc3G\/&#8221; url_new_window=&#8221;on&#8221; _builder_version=&#8221;4.9.1&#8243; _module_preset=&#8221;default&#8221;][\/et_pb_image][\/et_pb_column][et_pb_column type=&#8221;1_2&#8243; _builder_version=&#8221;4.9.1&#8243; _module_preset=&#8221;default&#8221;][et_pb_text _builder_version=&#8221;4.9.1&#8243; _module_preset=&#8221;default&#8221; inline_fonts=&#8221;Lato,Montserrat&#8221;]<\/p>\n<h2><span style=\"font-family: Montserrat; font-weight: normal;\"><strong>The Theory Behind Fitting Rigid Contact Lenses<\/strong><\/span><\/h2>\n<p><span style=\"font-family: Montserrat; font-weight: normal;\">Dr. Rufino D\u00edaz and Lic. Iran Robles Guti\u00e9rrez shared a useful quantitative analysis in the adaptation of rigid contact lenses related to the selection of the base curve from the results of the shape of the cornea.<\/span><\/p>\n<p><span style=\"font-family: Montserrat; font-weight: normal;\">You can see the recording of this webinar by clicking on the image.<\/span><\/p>\n<p style=\"text-align: center;\"><span style=\"color: #188e73;\"><em><b><\/b><b style=\"font-family: Lato;\">\u00a0<\/b><\/em><\/span><\/p>\n<p>[\/et_pb_text][\/et_pb_column][\/et_pb_row][et_pb_row column_structure=&#8221;1_2,1_2&#8243; _builder_version=&#8221;4.9.1&#8243; _module_preset=&#8221;default&#8221; min_height=&#8221;239.5px&#8221; saved_tabs=&#8221;all&#8221;][et_pb_column type=&#8221;1_2&#8243; _builder_version=&#8221;4.9.1&#8243; _module_preset=&#8221;default&#8221;][et_pb_image src=&#8221;https:\/\/blepsvision.com\/wp-content\/uploads\/2021\/09\/239010812_1040857356664648_5236909601651190929_n.png&#8221; title_text=&#8221;239010812_1040857356664648_5236909601651190929_n&#8221; _builder_version=&#8221;4.9.1&#8243; _module_preset=&#8221;default&#8221;][\/et_pb_image][\/et_pb_column][et_pb_column type=&#8221;1_2&#8243; _builder_version=&#8221;4.9.1&#8243; _module_preset=&#8221;default&#8221;][et_pb_text _builder_version=&#8221;4.9.1&#8243; _module_preset=&#8221;default&#8221; inline_fonts=&#8221;Lato,Montserrat&#8221;]<\/p>\n<h2><strong><span style=\"font-family: Montserrat;\">Glaucoma from the Optometric Clinic<\/span><\/strong><\/h2>\n<p><span style=\"font-family: Montserrat;\">En la mayor\u00eda de los casos, el glaucoma no presenta s\u00edntomas hasta que la enfermedad est\u00e1 en etapa avanzada. En esta sesi\u00f3n de 2 hrs, el L.O. Abraham de Luna present\u00f3 los aspectos clave de esta enfermedad, para comprenderla y diagnosticarla a tiempo.<\/span><\/p>\n<p style=\"text-align: center;\"><span style=\"color: #188e73; font-family: Montserrat;\"><strong><em>\u201cThank you for your attention, dedication and above all for the knowledge you share with us.\"<\/em>\ud83d\udc4d\ud83d\udc4d\ud83d\udc4d\u201d <\/strong><\/span><\/p>\n<p style=\"text-align: center;\"><span style=\"color: #188e73;\"><span style=\"font-family: Montserrat;\"><strong>Optometrist Grissel Salvador<\/strong><\/span><\/span><\/p>\n<p style=\"text-align: center;\"><span style=\"color: #188e73;\"><em><b><\/b><b style=\"font-family: Lato;\">\u00a0<\/b><\/em><\/span><\/p>\n<p>[\/et_pb_text][\/et_pb_column][\/et_pb_row][et_pb_row column_structure=&#8221;1_2,1_2&#8243; _builder_version=&#8221;4.9.1&#8243; _module_preset=&#8221;default&#8221; min_height=&#8221;239.5px&#8221; global_module=&#8221;459&#8243; saved_tabs=&#8221;all&#8221;][et_pb_column type=&#8221;1_2&#8243; _builder_version=&#8221;4.9.1&#8243; _module_preset=&#8221;default&#8221;][et_pb_image src=&#8221;https:\/\/blepsvision.com\/wp-content\/uploads\/2021\/07\/instagram_alicia-03.jpg&#8221; title_text=&#8221;instagram_alicia-03&#8243; _builder_version=&#8221;4.9.1&#8243; _module_preset=&#8221;default&#8221;][\/et_pb_image][\/et_pb_column][et_pb_column type=&#8221;1_2&#8243; _builder_version=&#8221;4.9.1&#8243; _module_preset=&#8221;default&#8221;][et_pb_text _builder_version=&#8221;4.9.1&#8243; _module_preset=&#8221;default&#8221; inline_fonts=&#8221;Lato,Montserrat&#8221;]<\/p>\n<h2><strong><span style=\"font-family: Montserrat;\">Dry Eye Immunology for Optometrists<\/span><\/strong><o:p><\/o:p><\/h2>\n<p><span style=\"font-family: Montserrat;\"><\/span><\/p>\n<p><span style=\"font-family: Montserrat;\"><\/span><\/p>\n<p><span style=\"font-family: Montserrat;\">Taught by Alicia V\u00e1zquez Mendoza, Ph.D. in Biology, in which we learned to identify the causes of Dry Eye and to understand the pathology from a multidisciplinary perspective in order to provide an appropriate treatment for our patient.<\/span><\/p>\n<p><span style=\"font-family: Montserrat;\"><\/span><\/p>\n<p style=\"text-align: center;\"><span style=\"color: #008080; font-family: Montserrat;\"><strong><em>&#8220;Fue una ponencia extraordinaria.&#8221;\u00a0<\/em><\/strong><\/span><\/p>\n<p style=\"text-align: center;\"><span style=\"font-family: Montserrat;\"><em><b style=\"color: #008080;\">Optometrist Adriana <\/b><span style=\"color: #008080;\"><b>Garc\u00eda<\/b><\/span><b style=\"color: #008080;\">\u00a0<\/b><\/em><\/span><\/p>\n<p><span style=\"font-family: Lato;\"><\/span><\/p>\n<p style=\"text-align: center;\">[\/et_pb_text][\/et_pb_column][\/et_pb_row][et_pb_row column_structure=&#8221;1_2,1_2&#8243; _builder_version=&#8221;4.9.1&#8243; _module_preset=&#8221;default&#8221; min_height=&#8221;239.5px&#8221;][et_pb_column type=&#8221;1_2&#8243; _builder_version=&#8221;4.9.1&#8243; _module_preset=&#8221;default&#8221;][et_pb_image src=&#8221;https:\/\/blepsvision.com\/wp-content\/uploads\/2021\/03\/curso_OMAR_inst-02.png&#8221; title_text=&#8221;curso_OMAR_inst-02&#8243; _builder_version=&#8221;4.9.1&#8243; _module_preset=&#8221;default&#8221;][\/et_pb_image][\/et_pb_column][et_pb_column type=&#8221;1_2&#8243; _builder_version=&#8221;4.9.1&#8243; _module_preset=&#8221;default&#8221;][et_pb_text _builder_version=&#8221;4.9.1&#8243; _module_preset=&#8221;default&#8221; inline_fonts=&#8221;Lato,Montserrat&#8221;]<\/p>\n<h2><span style=\"font-family: Montserrat; font-weight: normal;\"><strong>Corneal Topography Interpretation for Optometrists<\/strong><\/span><\/h2>\n<p><span style=\"font-family: Montserrat;\">El curso fue impartido por el Mtro. Omar Santana (especialista en adaptaci\u00f3n de lentes de contacto y con amplia experiencia en docencia). Fue una sesi\u00f3n din\u00e1mica de 2 horas, a trav\u00e9s de la plataforma Zoom, en la cual aprendimos a interpretar los mapas corneales, escalas y descriptores de superficie, as\u00ed como a detectar diferentes patolog\u00edas a trav\u00e9s de la topograf\u00eda corneal.<\/span><\/p>\n<p style=\"text-align: center;\">\n<p style=\"text-align: center;\">\n<p style=\"text-align: center;\">\n<p style=\"text-align: center;\"><span style=\"color: #008080; font-family: Montserrat;\"><strong><em>\"Thank you very much. Actually a useful, real and efficient course, since we frequently find patients with corneal ectasias.\u201d\u00a0<\/em><\/strong><\/span><\/p>\n<p style=\"text-align: center;\"><span style=\"color: #008080; font-family: Montserrat;\"><strong><em>Optometrist Lorena Tenorio<\/em><\/strong><\/span><\/p>\n<p>[\/et_pb_text][\/et_pb_column][\/et_pb_row][et_pb_row _builder_version=&#8221;4.9.1&#8243; _module_preset=&#8221;default&#8221; custom_padding=&#8221;120px|||||&#8221;][et_pb_column type=&#8221;4_4&#8243; _builder_version=&#8221;4.9.1&#8243; _module_preset=&#8221;default&#8221;][et_pb_text _builder_version=&#8221;4.9.1&#8243; _module_preset=&#8221;default&#8221; inline_fonts=&#8221;Montserrat&#8221;]<\/p>\n<h2><span style=\"font-size: xx-large; color: #1b997b;\"><strong><span style=\"font-family: Montserrat;\">I want to know about the next courses<\/span><\/strong><\/span><\/h2>\n<p>[\/et_pb_text][et_pb_contact_form use_spam_service=&#8221;on&#8221; recaptcha_list=&#8221;Bleps|Bleps-0&#8243; email=&#8221;hector@blepsvision.com, holableps@gmail.com, contacto@blepsvision.com&#8221; title=&#8221;Deja tu correo y te enviaremos informaci\u00f3n y fechas de nuestros pr\u00f3ximos cursos&#8221; custom_message=&#8221;Suscripci\u00f3n a la lista de info para cursos &#8221; success_message=&#8221;Enviado&#8221; submit_button_text=&#8221;Enviar&#8221; _builder_version=&#8221;4.9.1&#8243; _module_preset=&#8221;default&#8221; title_level=&#8221;h3&#8243; title_font=&#8221;Montserrat||||||||&#8221; title_text_color=&#8221;#b7b7b7&#8243; hover_enabled=&#8221;0&#8243; sticky_enabled=&#8221;0&#8243;][et_pb_contact_field field_id=&#8221;Nombre_y_Apellido&#8221; field_title=&#8221;Nombre y Apellido&#8221; _builder_version=&#8221;4.9.1&#8243; button_text_size__hover_enabled=&#8221;off&#8221; button_one_text_size__hover_enabled=&#8221;off&#8221; button_two_text_size__hover_enabled=&#8221;off&#8221; button_text_color__hover_enabled=&#8221;off&#8221; button_one_text_color__hover_enabled=&#8221;off&#8221; button_two_text_color__hover_enabled=&#8221;off&#8221; button_border_width__hover_enabled=&#8221;off&#8221; button_one_border_width__hover_enabled=&#8221;off&#8221; button_two_border_width__hover_enabled=&#8221;off&#8221; button_border_color__hover_enabled=&#8221;off&#8221; button_one_border_color__hover_enabled=&#8221;off&#8221; button_two_border_color__hover_enabled=&#8221;off&#8221; button_border_radius__hover_enabled=&#8221;off&#8221; button_one_border_radius__hover_enabled=&#8221;off&#8221; button_two_border_radius__hover_enabled=&#8221;off&#8221; button_letter_spacing__hover_enabled=&#8221;off&#8221; button_one_letter_spacing__hover_enabled=&#8221;off&#8221; button_two_letter_spacing__hover_enabled=&#8221;off&#8221; button_bg_color__hover_enabled=&#8221;off&#8221; button_one_bg_color__hover_enabled=&#8221;off&#8221; button_two_bg_color__hover_enabled=&#8221;off&#8221;][\/et_pb_contact_field][et_pb_contact_field field_id=&#8221;Correo_electr\u00f3nico&#8221; field_title=&#8221;Correo electr\u00f3nico &#8221; field_type=&#8221;email&#8221; _builder_version=&#8221;4.9.1&#8243; button_text_size__hover_enabled=&#8221;off&#8221; button_one_text_size__hover_enabled=&#8221;off&#8221; button_two_text_size__hover_enabled=&#8221;off&#8221; button_text_color__hover_enabled=&#8221;off&#8221; button_one_text_color__hover_enabled=&#8221;off&#8221; button_two_text_color__hover_enabled=&#8221;off&#8221; button_border_width__hover_enabled=&#8221;off&#8221; button_one_border_width__hover_enabled=&#8221;off&#8221; button_two_border_width__hover_enabled=&#8221;off&#8221; button_border_color__hover_enabled=&#8221;off&#8221; button_one_border_color__hover_enabled=&#8221;off&#8221; button_two_border_color__hover_enabled=&#8221;off&#8221; button_border_radius__hover_enabled=&#8221;off&#8221; button_one_border_radius__hover_enabled=&#8221;off&#8221; button_two_border_radius__hover_enabled=&#8221;off&#8221; button_letter_spacing__hover_enabled=&#8221;off&#8221; button_one_letter_spacing__hover_enabled=&#8221;off&#8221; button_two_letter_spacing__hover_enabled=&#8221;off&#8221; button_bg_color__hover_enabled=&#8221;off&#8221; button_one_bg_color__hover_enabled=&#8221;off&#8221; button_two_bg_color__hover_enabled=&#8221;off&#8221;][\/et_pb_contact_field][\/et_pb_contact_form][\/et_pb_column][\/et_pb_row][\/et_pb_section]<\/p>","protected":false},"excerpt":{"rendered":"<p>[et_pb_section fb_built=&#8221;1&#8243; admin_label=&#8221;About Section&#8221; _builder_version=&#8221;3.22&#8243; background_color=&#8221;#f7f7f7&#8243; custom_padding=&#8221;70px||90px|||&#8221;][et_pb_row _builder_version=&#8221;4.9.1&#8243; _module_preset=&#8221;default&#8221; custom_padding=&#8221;||0px|||&#8221;][et_pb_column type=&#8221;4_4&#8243; _builder_version=&#8221;4.9.1&#8243; _module_preset=&#8221;default&#8221;][et_pb_text admin_label=&#8221;Title&#8221; _builder_version=&#8221;4.9.1&#8243; text_font=&#8221;||||||||&#8221; header_font=&#8221;||||||||&#8221; header_2_font=&#8221;Montserrat|600||on|||||&#8221; header_2_font_size=&#8221;30px&#8221; header_2_line_height=&#8221;1.5em&#8221; custom_margin=&#8221;||5px|&#8221; animation_style=&#8221;slide&#8221; animation_direction=&#8221;top&#8221; animation_intensity_slide=&#8221;20%&#8221; animation_starting_opacity=&#8221;100%&#8221; inline_fonts=&#8221;Montserrat&#8221;] CURSOS PARA OPTOMETRISTAS CURSOS ANTERIORES [\/et_pb_text][et_pb_divider _builder_version=&#8221;4.9.1&#8243; _module_preset=&#8221;default&#8221; custom_margin=&#8221;||19px|||&#8221;][\/et_pb_divider][et_pb_image src=&#8221;https:\/\/blepsvision.com\/wp-content\/uploads\/2022\/05\/280382670_1211552426261806_2903790694079535115_n-1.png&#8221; title_text=&#8221;280382670_1211552426261806_2903790694079535115_n (1)&#8221; _builder_version=&#8221;4.9.1&#8243; _module_preset=&#8221;default&#8221;][\/et_pb_image][et_pb_text admin_label=&#8221;Title&#8221; _builder_version=&#8221;3.27.4&#8243; text_font=&#8221;||||||||&#8221; header_font=&#8221;||||||||&#8221; header_2_font=&#8221;Montserrat|600||on|||||&#8221; header_2_font_size=&#8221;30px&#8221; header_2_line_height=&#8221;1.5em&#8221; custom_margin=&#8221;||5px|&#8221; animation_style=&#8221;slide&#8221; animation_direction=&#8221;top&#8221; animation_intensity_slide=&#8221;20%&#8221; animation_starting_opacity=&#8221;100%&#8221;] CURSOS 2021 [\/et_pb_text][\/et_pb_column][\/et_pb_row][et_pb_row [&hellip;]<\/p>","protected":false},"author":3,"featured_media":0,"parent":0,"menu_order":0,"comment_status":"closed","ping_status":"closed","template":"","meta":{"nf_dc_page":"","_et_pb_use_builder":"on","_et_pb_old_content":"","_et_gb_content_width":"","footnotes":""},"class_list":["post-194","page","type-page","status-publish","hentry"],"jetpack_sharing_enabled":true,"_links":{"self":[{"href":"https:\/\/blepsvision.com\/en\/wp-json\/wp\/v2\/pages\/194","targetHints":{"allow":["GET"]}}],"collection":[{"href":"https:\/\/blepsvision.com\/en\/wp-json\/wp\/v2\/pages"}],"about":[{"href":"https:\/\/blepsvision.com\/en\/wp-json\/wp\/v2\/types\/page"}],"author":[{"embeddable":true,"href":"https:\/\/blepsvision.com\/en\/wp-json\/wp\/v2\/users\/3"}],"replies":[{"embeddable":true,"href":"https:\/\/blepsvision.com\/en\/wp-json\/wp\/v2\/comments?post=194"}],"version-history":[{"count":5,"href":"https:\/\/blepsvision.com\/en\/wp-json\/wp\/v2\/pages\/194\/revisions"}],"predecessor-version":[{"id":770,"href":"https:\/\/blepsvision.com\/en\/wp-json\/wp\/v2\/pages\/194\/revisions\/770"}],"wp:attachment":[{"href":"https:\/\/blepsvision.com\/en\/wp-json\/wp\/v2\/media?parent=194"}],"curies":[{"name":"wp","href":"https:\/\/api.w.org\/{rel}","templated":true}]}}