{"id":175,"date":"2021-03-11T21:25:12","date_gmt":"2021-03-11T21:25:12","guid":{"rendered":"https:\/\/blepsvision.com\/?page_id=175"},"modified":"2021-03-22T21:08:36","modified_gmt":"2021-03-22T21:08:36","slug":"terminos-y-condiciones","status":"publish","type":"page","link":"https:\/\/blepsvision.com\/en\/terminos-y-condiciones\/","title":{"rendered":"Terms &amp; Conditions"},"content":{"rendered":"<p>[et_pb_section fb_built=&#8221;1&#8243; admin_label=&#8221;About Section&#8221; _builder_version=&#8221;4.6.6&#8243; background_color=&#8221;#f7f7f7&#8243; custom_padding=&#8221;90px||90px|&#8221;][et_pb_row admin_label=&#8221;Section Title&#8221; _builder_version=&#8221;4.9.1&#8243; custom_margin=&#8221;|||&#8221; custom_padding=&#8221;27px|0px|27px|0px&#8221; hover_enabled=&#8221;0&#8243; locked=&#8221;off&#8221; sticky_enabled=&#8221;0&#8243;][et_pb_column type=&#8221;4_4&#8243; _builder_version=&#8221;3.25&#8243; custom_padding=&#8221;|||&#8221; custom_padding__hover=&#8221;|||&#8221;][et_pb_text admin_label=&#8221;Title&#8221; _builder_version=&#8221;4.9.1&#8243; text_font=&#8221;Montserrat|300|||||||&#8221; text_text_color=&#8221;#878787&#8243; header_font=&#8221;||||||||&#8221; header_2_font=&#8221;Montserrat|600||on|||||&#8221; header_2_text_align=&#8221;center&#8221; header_2_font_size=&#8221;30px&#8221; custom_margin=&#8221;||40px|&#8221; animation_style=&#8221;slide&#8221; animation_direction=&#8221;top&#8221; animation_intensity_slide=&#8221;20%&#8221; animation_starting_opacity=&#8221;100%&#8221; global_colors_info=&#8221;{}&#8221; text_font_size=&#8221;25px&#8221; text_line_height=&#8221;1.8em&#8221; link_font=&#8221;||||on|||#f46624|&#8221; link_text_color=&#8221;#333333&#8243; text_orientation=&#8221;center&#8221; max_width=&#8221;800px&#8221; module_alignment=&#8221;center&#8221;]<\/p>\n<h2 style=\"text-align: center;\"><span style=\"color: #446572;\">T\u00c9RMINOS Y CONDICIONES<\/span><\/h2>\n<p>[\/et_pb_text][et_pb_divider show_divider=&#8221;off&#8221; _builder_version=&#8221;3.2&#8243; max_width=&#8221;23px&#8221; module_alignment=&#8221;center&#8221; animation_style=&#8221;slide&#8221; animation_direction=&#8221;top&#8221; animation_intensity_slide=&#8221;20%&#8221; animation_starting_opacity=&#8221;100%&#8221;][\/et_pb_divider][et_pb_text admin_label=&#8221;Title&#8221; _builder_version=&#8221;4.9.1&#8243; inline_fonts=&#8221;Montserrat,Harmattan&#8221;]<\/p>\n<h2 style=\"text-align: left;\"><span style=\"font-family: inherit; font-weight: normal; font-size: small;\"><strong>T\u00e9rminos Generales y Condiciones de Uso<\/strong><\/span><\/h2>\n<h2 style=\"text-align: left;\"><span style=\"font-family: inherit; font-weight: normal; font-size: small;\"><strong>Inicio de vigencia: 11 de marzo del 2021<\/strong><\/span><\/h2>\n<h2 style=\"text-align: left;\"><span style=\"font-size: small; font-family: inherit; font-weight: normal;\">T\u00e9rminos y condiciones de uso del sitio web (en adelante referida indistintamente como \u201cSitio Web\u201d y\/o \u201cblepsvision.com\u201d).<\/span><\/h2>\n<h2 style=\"text-align: left;\"><span style=\"font-size: small; font-family: inherit; font-weight: normal;\">Los presentes t\u00e9rminos y condiciones (en adelante los \u201cT\u00e9rminos y Condiciones\u201d) constituyen las reglas del uso por parte del p\u00fablico en general, (en adelante \u201cLos usuarios\u201d) mismas que son establecidas de manera unilateral por Bleps Vision S.A. de C.V. (en adelante \u201cBleps Vision\u201d) y que son aceptadas incondicionalmente por Los Usuarios de esta, cada vez que se acceda a la misma. Cualquier persona que pretenda hacer uso de los servicios y contenidos desplegados en blepsvision.com, acepta sujetarse a los presentes T\u00e9rminos y Condiciones, liberando a Bleps Vision de cualquier responsabilidad al efecto, derivada del mal uso en que pudiese incurrir el Usuario.<\/span><\/h2>\n<h2 style=\"text-align: left;\"><span style=\"font-family: inherit; font-weight: normal; font-size: small;\"><strong>1. Objeto<\/strong>. Los presentes T\u00e9rminos y condiciones tienen por objeto regular el acceso y la utilizaci\u00f3n de blepsvision.com, entendiendo por este cualquier tipo de contenido, producto o servicio que se encuentre a disposici\u00f3n del p\u00fablico en general dentro del dominio mencionado previamente.<\/span><\/h2>\n<h2 style=\"text-align: left;\"><span style=\"font-size: small; font-family: inherit; font-weight: normal;\">Bleps Vision se reserva en todo momento la facultad de modificar sin previo aviso, la presentaci\u00f3n, los contenidos, la funcionalidad, los productos, los servicios, la configuraci\u00f3n que pudiera contenerse en blepsvision.com; en este sentido, el Usuario reconoce y acepta que Bleps Vision en cualquier momento podr\u00e1 interrumpir, desactivar o cancelar cualquiera de los elementos que conforman blepsvision.com o el acceso a los mismos.<\/span><\/h2>\n<h2 style=\"text-align: left;\"><span style=\"font-size: small; font-family: inherit; font-weight: normal;\">El acceso a blepsvision.com por parte del Usuario es libre y por regla general, gratuito sin que este tenga que proporcionar contraprestaci\u00f3n alguna por su uso, as\u00ed como para poder ingresar al mismo las veces que as\u00ed lo considere necesario, salvo en lo referente al costo que cada Usuario deba erogar por la conexi\u00f3n a internet que decida contratar.<\/span><\/h2>\n<h2 style=\"text-align: left;\"><span style=\"font-family: inherit; font-weight: normal; font-size: small;\"><strong>\u00a02. Usuarios<\/strong>. Es responsabilidad del Usuario utilizar blepsvision.com de acuerdo a como esta fue dise\u00f1ada; en este sentido, queda prohibido cualquier mal uso que pudiera d\u00e1rsele a la informaci\u00f3n proporcionada y\/o desplegada en blepsvision.com adem\u00e1s el Usuario se compromete a hacer uso de la misma de manera l\u00edcita sin contravenir a lo dispuesto en los presentes T\u00e9rminos y Condiciones, la moral o el orden p\u00fablico y se abstendr\u00e1 de realizar cualquier acto que pueda suponer una afectaci\u00f3n a los derechos de terceros o perjudique de alg\u00fan modo el funcionamiento de blepsvision.com.<\/span><\/h2>\n<h2 style=\"text-align: left;\"><span style=\"font-size: small; font-family: inherit; font-weight: normal;\">As\u00ed mismo, el Usuario se compromete a proporcionar informaci\u00f3n l\u00edcita y veraz en los formularios que sean desplegados en blepsvision.com en los cuales el Usuario deba proporcionar ciertos datos o informaci\u00f3n para tener acceso al contenido o a cualquier curso que sea anunciado por Bleps Vision. En todo caso, el Usuario notificar\u00e1 de forma inmediata a Bleps Vision cualquier hecho que permita suponer el uso indebido de la informaci\u00f3n registrada en dichos formularios, tales como robo, extrav\u00edo y\/o acceso no autorizado a esta, con el fin de proceder a su inmediata cancelaci\u00f3n.<\/span><\/h2>\n<h2 style=\"text-align: left;\"><span style=\"font-size: small; font-family: inherit; font-weight: normal;\">El solo acceso a blepsvision.com no supone el establecimiento o creaci\u00f3n de relaci\u00f3n de ning\u00fan tipo entre Bleps Vision y el Usuario.<\/span><\/h2>\n<h2 style=\"text-align: left;\"><span style=\"font-family: inherit; font-weight: normal; font-size: small;\">\u00a0<strong>3. Acceso y navegaci\u00f3n.<\/strong> Blepsvision.com no ser\u00e1 responsable ni garantiza que el contenido o sitios de terceros a los que pueda accederse a trav\u00e9s de blepsvision.com se encuentre libre de errores, software malicioso o que pueda causar alg\u00fan da\u00f1o a nivel de software o hardware en el equipo a trav\u00e9s del cual el Usuario acceda a blepsvision.com.<\/span><\/h2>\n<h2 style=\"text-align: left;\"><span style=\"font-family: inherit; font-weight: normal; font-size: small;\"><strong>4. Pol\u00edtica de Privacidad y Protecci\u00f3n de Datos.<\/strong> De conformidad con lo establecido en la Ley Federal de Protecci\u00f3n de Datos Personales en Posesi\u00f3n de Particulares (LFPDPPP), blepsvision.com se compromete a adoptar las medidas necesarias que est\u00e9n a su alcance para asegurar la privacidad de los Datos Personales recabados de forma que se garantice su seguridad, se evite su alteraci\u00f3n, p\u00e9rdida o tratamiento no autorizado.<\/span><\/h2>\n<h2 style=\"text-align: left;\"><span style=\"font-size: small; font-family: inherit; font-weight: normal;\">Adem\u00e1s, a efecto de dar cumplimiento a lo establecido en la LFPDPPP, todo dato personal que sea recabado a trav\u00e9s de blepsvision.com ser\u00e1 tratado de conformidad con los principios de licitud, calidad, finalidad, lealtad y responsabilidad. Todo tratamiento de datos personales quedar\u00e1 sujeto al consentimiento de su titular. En todo momento se procurar\u00e1 que los datos personales contenidos en las bases de datos o archivos que en su caso se utilicen, sean pertinentes, correctos y actualizados para los fines para los cuales fueron recabados. El tratamiento de datos personales se limitar\u00e1 al cumplimiento de las finalidades previstas en el Aviso de Privacidad.<\/span><\/h2>\n<h2 style=\"text-align: left;\"><span style=\"font-size: small; font-family: inherit; font-weight: normal;\">Blepsvision.com podr\u00e1 contener hiperv\u00ednculos o enlaces que permitan acceder a p\u00e1ginas de terceros distintos de blepsvision.com. Los titulares de dichos sitios web dispondr\u00e1n de sus propias pol\u00edticas de privacidad y protecci\u00f3n de datos, por lo cual Bleps Vision no asume ning\u00fan tipo de responsabilidad por los datos que sean facilitados por el Usuario a trav\u00e9s de cualquier sitio web diferente a blepsvision.com.<\/span><\/h2>\n<h2 style=\"text-align: left;\"><span style=\"font-size: small; font-family: inherit; font-weight: normal;\">Blepsvision.com se reserva el derecho a modificar su Pol\u00edtica de Privacidad, de acuerdo con sus necesidades o derivado de alg\u00fan cambio en la legislaci\u00f3n. El acceso o utilizaci\u00f3n de blepsvision.com despu\u00e9s de dichos cambios, implicar\u00e1 la aceptaci\u00f3n de estos.<\/span><\/h2>\n<h2 style=\"text-align: left;\"><span style=\"font-size: small; font-family: inherit; font-weight: normal;\"><strong>5. Uso de cookies.<\/strong> Por otro lado, el acceso a blepsvision.com puede implicar la utilizaci\u00f3n de cookies, las cuales, son peque\u00f1as cantidades de informaci\u00f3n que se almacenan en el navegador, utilizado por el Usuario. Las cookies facilitan la navegaci\u00f3n, la hacen m\u00e1s amigable, y no da\u00f1an el dispositivo de navegaci\u00f3n para ello, pueden reclamar informaci\u00f3n para ingresar a blepsvision.com, almacenar las preferencias del Usuario, as\u00ed como la interacci\u00f3n que este tenga con blepsvision.com, por ejemplo: fecha y hora del acceso al sitio, tiempo que se ha hecho uso de este, sitios visitados antes y despu\u00e9s de este, n\u00famero de p\u00e1ginas visitadas, direcci\u00f3n IP de cual accede el Usuario, frecuencia de visitas, etc.<\/span><\/h2>\n<h2 style=\"text-align: left;\"><span style=\"font-size: small; font-family: inherit; font-weight: normal;\">Este tipo de informaci\u00f3n ser\u00e1 utilizada para mejorar el sitio, detectar errores y posibles necesidades que el Usuario pudiera tener, lo anterior a efecto de ofrecer a los Usuarios servicios y contenidos de la mejor calidad. En todo caso, la informaci\u00f3n que se recopila ser\u00e1 an\u00f3nima en todo momento y nunca identificar\u00e1 a ning\u00fan usuario de manera individual.<\/span><\/h2>\n<h2 style=\"text-align: left;\"><span style=\"font-family: inherit; font-weight: normal; font-size: small;\">La utilizaci\u00f3n de estos, enlaces, contenidos, servicios o funciones, tiene por objeto mejorar la experiencia del Usuario al hacer uso del sitio web, sin que pueda considerarse una sugerencia, recomendaci\u00f3n o invitaci\u00f3n para hacer uso de cualquier sitio externo. Bleps Vision, en ning\u00fan caso revisar\u00e1 o controlar\u00e1 el contenido de los sitios externos, de igual forma, no hace propios los productos, servicios, contenidos, y cualquier otro material existente en los referidos sitios enlazados; por lo cual, tampoco se garantizar\u00e1 la disponibilidad, exactitud, veracidad, validez o legalidad de los sitios externos a los que se pueda tener acceso a trav\u00e9s del sitio web. As\u00ed mismo, Bleps Vision no asume ninguna responsabilidad por los da\u00f1os y perjuicios que pudieras producirse por el acceso o uso, de los contenidos, productos o servicios disponibles en los sitios web no gestionados por Bleps Vision a los que se pueda acceder mediante el sitio web.<\/span><\/h2>\n<h2 style=\"text-align: left;\"><span style=\"font-size: small; font-family: inherit; font-weight: normal;\">Todo uso de cualquier enlace disponible en el sitio que el Usuario consienta en utilizar que este le env\u00ede a un sitio externo ser\u00e1 responsabilidad \u00fanica y exclusiva del Usuario para todos los efectos legales a que hubiere lugar.<\/span><\/h2>\n<h2 style=\"text-align: left;\"><span style=\"font-family: inherit; font-weight: normal; font-size: small;\"><strong>6. Pol\u00edtica en materia de Propiedad Industrial.<\/strong> Bleps Vision S.A. de C.V., por si misma o como derechohabiente o cesionaria, es titular de todos los derechos de propiedad intelectual del Sitio Web, en su sentido m\u00e1s amplio, entendiendo por esto el c\u00f3digo fuente que hace posible su funcionamiento, as\u00ed como las im\u00e1genes, archivos de audio, video, logotipos, marcas, combinaciones de colores, estructuras, dise\u00f1os y dem\u00e1s elementos que lo distingan. Ser\u00e1n, por consiguiente, protegidas por la legislaci\u00f3n mexicana en materia de propiedad intelectual e industrial, as\u00ed como por los tratados internacionales de la materia de los que M\u00e9xico sea parte. Por consiguiente, queda expresamente prohibida, toda reproducci\u00f3n, distribuci\u00f3n, difusi\u00f3n, comunicaci\u00f3n p\u00fablica o cualquier otro medio de explotaci\u00f3n de los contenidos del Sitio Web sin el consentimiento expreso de quien ostente la titularidad de los derechos morales y patrimoniales de estos, ya sea con fines comerciales o de cualquier otra \u00edndole.<\/span><\/h2>\n<h2 style=\"text-align: left;\"><span style=\"font-size: small; font-family: inherit; font-weight: normal;\">El Usuario se compromete a respetar los derechos de propiedad intelectual y\/o industrial de Bleps Vision. No obstante, adem\u00e1s de poder visualizar los elementos del sitio web podr\u00e1 imprimirlos, copiarlos o almacenarlos, siempre y cuando estos sea \u00fanica y exclusivamente para su uso personal y ello no implique ning\u00fan \u00e1nimo de lucro indebido.<\/span><\/h2>\n<h2 style=\"text-align: left;\"><span style=\"font-size: small; font-family: inherit; font-weight: normal;\">Por otro lado, el Usuario se abstendr\u00e1 de suprimir, alterar o manipular cualquier elemento, archivo, o contenido, del Sitio Web y por ning\u00fan motivo realizar\u00e1 los actos tendientes a vulnerar la seguridad, los archivos o bases de datos que se encuentren protegidos, ya sea a trav\u00e9s de un acceso restringido mediante un usuario y contrase\u00f1a, o porque no cuente con los permisos para visualizarlos, editarlos o manipularlos.<\/span><\/h2>\n<h2 style=\"text-align: left;\"><span style=\"font-size: small; font-family: inherit; font-weight: normal;\">En caso de que el Usuario o alg\u00fan tercero consideren que cualquiera de los contenidos del Sitio Web suponga una violaci\u00f3n de los derechos de protecci\u00f3n de la propiedad industrial o intelectual, deber\u00e1 comunicarlo inmediatamente a Bleps Vision a trav\u00e9s de los datos de contacto disponibles en el propio Sitio Web.<\/span><\/h2>\n<h2 style=\"text-align: left;\"><span style=\"font-family: inherit; font-weight: normal; font-size: small;\"><strong>7.Legislaci\u00f3n y jurisdicci\u00f3n aplicable.<\/strong> Bleps Vision se reserva la facultad de presentar las acciones civiles o penales que considere necesarias por la utilizaci\u00f3n indebida del Sitio Web, sus contenidos, productos o servicios, o por el incumplimiento de los presentes T\u00e9rminos y Condiciones.<\/span><\/h2>\n<h2 style=\"text-align: left;\"><span style=\"font-size: small; font-family: inherit; font-weight: normal;\">La relaci\u00f3n entre el Usuario y Bleps Vision se regir\u00e1 por la legislaci\u00f3n vigente en la Ciudad de M\u00e9xico. En caso de surgir cualquier controversia con la relaci\u00f3n a la interpretaci\u00f3n y\/o a la aplicaci\u00f3n de los presentes T\u00e9rminos y Condiciones, las partes se someter\u00e1n a la jurisdicci\u00f3n ordinaria de los Tribunales que correspondan conforme a derecho en la jurisdicci\u00f3n territorial previamente mencionada.<\/span><\/h2>\n<p><span style=\"font-family: Montserrat; font-weight: normal; font-size: small;\"><\/span><\/p>\n<p><span style=\"font-size: small; font-family: Montserrat; font-weight: normal;\"><\/span><\/p>\n<p><span style=\"font-size: small; font-family: Montserrat; font-weight: normal;\"><\/span><\/p>\n<h3 style=\"text-align: left;\"><\/h3>\n<p>[\/et_pb_text][\/et_pb_column][\/et_pb_row][\/et_pb_section]<\/p>","protected":false},"excerpt":{"rendered":"<p>[et_pb_section fb_built=&#8221;1&#8243; admin_label=&#8221;About Section&#8221; _builder_version=&#8221;4.6.6&#8243; background_color=&#8221;#f7f7f7&#8243; custom_padding=&#8221;90px||90px|&#8221;][et_pb_row admin_label=&#8221;Section Title&#8221; _builder_version=&#8221;4.9.1&#8243; custom_margin=&#8221;|||&#8221; custom_padding=&#8221;27px|0px|27px|0px&#8221; hover_enabled=&#8221;0&#8243; locked=&#8221;off&#8221; sticky_enabled=&#8221;0&#8243;][et_pb_column type=&#8221;4_4&#8243; _builder_version=&#8221;3.25&#8243; custom_padding=&#8221;|||&#8221; custom_padding__hover=&#8221;|||&#8221;][et_pb_text admin_label=&#8221;Title&#8221; _builder_version=&#8221;4.9.1&#8243; text_font=&#8221;Montserrat|300|||||||&#8221; text_text_color=&#8221;#878787&#8243; header_font=&#8221;||||||||&#8221; header_2_font=&#8221;Montserrat|600||on|||||&#8221; header_2_text_align=&#8221;center&#8221; header_2_font_size=&#8221;30px&#8221; custom_margin=&#8221;||40px|&#8221; animation_style=&#8221;slide&#8221; animation_direction=&#8221;top&#8221; animation_intensity_slide=&#8221;20%&#8221; animation_starting_opacity=&#8221;100%&#8221; global_colors_info=&#8221;{}&#8221; text_font_size=&#8221;25px&#8221; text_line_height=&#8221;1.8em&#8221; link_font=&#8221;||||on|||#f46624|&#8221; link_text_color=&#8221;#333333&#8243; text_orientation=&#8221;center&#8221; max_width=&#8221;800px&#8221; module_alignment=&#8221;center&#8221;] T\u00c9RMINOS Y CONDICIONES [\/et_pb_text][et_pb_divider show_divider=&#8221;off&#8221; _builder_version=&#8221;3.2&#8243; max_width=&#8221;23px&#8221; module_alignment=&#8221;center&#8221; animation_style=&#8221;slide&#8221; animation_direction=&#8221;top&#8221; animation_intensity_slide=&#8221;20%&#8221; animation_starting_opacity=&#8221;100%&#8221;][\/et_pb_divider][et_pb_text admin_label=&#8221;Title&#8221; _builder_version=&#8221;4.9.1&#8243; inline_fonts=&#8221;Montserrat,Harmattan&#8221;] [&hellip;]<\/p>","protected":false},"author":3,"featured_media":0,"parent":0,"menu_order":0,"comment_status":"closed","ping_status":"closed","template":"","meta":{"nf_dc_page":"","_et_pb_use_builder":"on","_et_pb_old_content":"","_et_gb_content_width":"","footnotes":""},"class_list":["post-175","page","type-page","status-publish","hentry"],"jetpack_sharing_enabled":true,"_links":{"self":[{"href":"https:\/\/blepsvision.com\/en\/wp-json\/wp\/v2\/pages\/175","targetHints":{"allow":["GET"]}}],"collection":[{"href":"https:\/\/blepsvision.com\/en\/wp-json\/wp\/v2\/pages"}],"about":[{"href":"https:\/\/blepsvision.com\/en\/wp-json\/wp\/v2\/types\/page"}],"author":[{"embeddable":true,"href":"https:\/\/blepsvision.com\/en\/wp-json\/wp\/v2\/users\/3"}],"replies":[{"embeddable":true,"href":"https:\/\/blepsvision.com\/en\/wp-json\/wp\/v2\/comments?post=175"}],"version-history":[{"count":3,"href":"https:\/\/blepsvision.com\/en\/wp-json\/wp\/v2\/pages\/175\/revisions"}],"predecessor-version":[{"id":230,"href":"https:\/\/blepsvision.com\/en\/wp-json\/wp\/v2\/pages\/175\/revisions\/230"}],"wp:attachment":[{"href":"https:\/\/blepsvision.com\/en\/wp-json\/wp\/v2\/media?parent=175"}],"curies":[{"name":"wp","href":"https:\/\/api.w.org\/{rel}","templated":true}]}}